
{"id":1752,"date":"2020-07-14T11:13:55","date_gmt":"2020-07-14T11:13:55","guid":{"rendered":"https:\/\/aboutsmallruminants.com\/cookies-policy\/"},"modified":"2025-03-27T16:30:08","modified_gmt":"2025-03-27T16:30:08","slug":"politica-de-cookies","status":"publish","type":"page","link":"https:\/\/aboutsmallruminants.com\/es\/politica-de-cookies\/","title":{"rendered":"Pol\u00edtica de Cookies"},"content":{"rendered":"\t\t<div data-elementor-type=\"wp-page\" data-elementor-id=\"1752\" class=\"elementor elementor-1752 elementor-224\" data-elementor-post-type=\"page\">\n\t\t\t\t\t\t<section class=\"elementor-section elementor-top-section elementor-element elementor-element-3cf44533 elementor-section-boxed elementor-section-height-default elementor-section-height-default\" data-id=\"3cf44533\" data-element_type=\"section\">\n\t\t\t\t\t\t<div class=\"elementor-container elementor-column-gap-default\">\n\t\t\t\t\t<div class=\"elementor-column elementor-col-100 elementor-top-column elementor-element elementor-element-297068d9\" data-id=\"297068d9\" data-element_type=\"column\">\n\t\t\t<div class=\"elementor-widget-wrap elementor-element-populated\">\n\t\t\t\t\t\t<div class=\"elementor-element elementor-element-6070198e elementor-widget elementor-widget-text-editor\" data-id=\"6070198e\" data-element_type=\"widget\" data-widget_type=\"text-editor.default\">\n\t\t\t\t<div class=\"elementor-widget-container\">\n\t\t\t\t\t\t\t\t\t<p><strong> Declaraci\u00f3n sobre el uso de cookies:<br \/><\/strong> <span style=\"color: var (--e-global-color-text);\"><br \/>Las cookies son archivos de texto ubicados en su navegador o en el disco duro de su computadora (o dispositivo similar) de los sitios web que visita. Entre otras cosas, las cookies permiten que un sitio web almacene y recupere informaci\u00f3n sobre los h\u00e1bitos de navegaci\u00f3n de los usuarios o los de su dispositivo y, dependiendo de la informaci\u00f3n que contengan y de la forma en que se utilice el dispositivo, pueden utilizarse para reconocer al usuario. La informaci\u00f3n recopilada por las cookies nos ayuda a mejorar la navegaci\u00f3n en nuestro sitio web y brindar una experiencia m\u00e1s personalizada. Espec\u00edficamente, nos permiten: <\/span><\/p><ol><li>1. Almacenar informaci\u00f3n sobre las preferencias e intereses de los usuarios y personalizar el sitio web en funci\u00f3n de esta informaci\u00f3n recopilada;<\/li><li>2. Brindar un mejor servicio al usuario sin almacenar ning\u00fan dato personal que permita identificar al usuario;<\/li><li>3. Reconocer la computadora cuando el usuario regresa a nuestro sitio web;<\/li><li>4. Recopile datos estad\u00edsticos derivados del tr\u00e1fico y la interacci\u00f3n del usuario en nuestro sitio web para identificar tendencias y comportamientos.<\/li><\/ol><p><strong>\u00bfQu\u00e9 tipo de cookies utiliza este sitio web?<\/strong><\/p><ul><li>Cookies t\u00e9cnicas: Permiten al usuario navegar por un sitio web, plataforma o aplicaci\u00f3n y utilizar diferentes opciones o servicios, por ejemplo, para controlar el tr\u00e1fico y la comunicaci\u00f3n de datos, identificar una sesi\u00f3n, acceder a partes con acceso restringido, recordar elementos de un realizar un pedido, realizar un proceso de compra para un pedido, realizar una solicitud de registro o participar en un evento, utilizar funciones de seguridad mientras navega, almacenar contenido para distribuir videos o sonido o compartir contenido a trav\u00e9s de las redes sociales.<\/li><li>Cookies personalizadas: Permiten al usuario acceder a un servicio con caracter\u00edsticas generales predefinidas en funci\u00f3n de una serie de criterios en el dispositivo del usuario, como el idioma, el tipo de navegador utilizado para acceder al servicio, la configuraci\u00f3n regional desde donde se est\u00e1 accediendo al servicio, etc.<\/li><li>Cookies de an\u00e1lisis: Tras ser tratadas por nosotros o por terceros, nos permiten cuantificar el n\u00famero de usuarios y as\u00ed medir y analizar estad\u00edsticas sobre lo que hacen los usuarios con el servicio prestado. Para ello, se analiza la forma de navegaci\u00f3n de los usuarios en nuestro sitio web con el fin de mejorar la oferta de productos o servicios que ofrecemos.<\/li><\/ul><p><strong> Cookies de terceros: <\/strong><\/p><p>Este sitio web utiliza cookies de terceros:<br \/><span style=\"color: var (--e-global-color-text);\"><br \/>Google Analytics: se utiliza para recopilar informaci\u00f3n de navegaci\u00f3n y comportamiento del usuario para proporcionar estad\u00edsticas de uso de sitios web sin identificar personalmente al usuario. <\/span><\/p><div class=\"cky-audit-table-element\">\u00a0<\/div><p>El usuario puede rechazar el tratamiento de dichos datos o informaci\u00f3n desactivando las cookies mediante la selecci\u00f3n de la configuraci\u00f3n adecuada en su navegador. Sin embargo, la decisi\u00f3n de bloquear las cookies en su navegador puede no permitir el uso completo de toda la funcionalidad del sitio web. Puede permitir, bloquear o eliminar las cookies instaladas en su dispositivo cambiando la configuraci\u00f3n del navegador instalado en su computadora:<\/p><p><a href=\"http:\/\/support.google.com\/chrome\/bin\/answer.py?hl=es&amp;answer=95647\" target=\"_blank\" rel=\"noopener noreferrer\"> Chrome <\/a><br \/><a href=\"http:\/\/windows.microsoft.com\/en-US\/internet-explorer\/delete-manage-cookies#ie=ie-11\" target=\"_blank\" rel=\"noopener noreferrer\"> Explorer<br \/><\/a><a href=\"https:\/\/support.mozilla.org\/en-US\/kb\/enable-and-disable-cookies-website-preferences\" target=\"_blank\" rel=\"noopener noreferrer\"> Firefox <\/a><br \/><a href=\"https:\/\/support.apple.com\/kb\/PH21411\" target=\"_blank\" rel=\"noopener noreferrer\"> Safari <\/a><br \/><span style=\"color: var (--e-global-color-text);\"><br \/>Si tiene dudas sobre esta pol\u00edtica de cookies, puede contactarnos en la siguiente direcci\u00f3n de correo electr\u00f3nico: <\/span> <a href=\"mailto:hipra@hipra.com\"> hipra@hipra.com <\/a> <span style=\"color: var (--e-global-color-text);\">. <\/span><\/p>\t\t\t\t\t\t\t\t<\/div>\n\t\t\t\t<\/div>\n\t\t\t\t\t<\/div>\n\t\t<\/div>\n\t\t\t\t\t<\/div>\n\t\t<\/section>\n\t\t\t\t<\/div>\n\t\t","protected":false},"excerpt":{"rendered":"<p>Declaraci\u00f3n sobre el uso de cookies: Las cookies son archivos de texto ubicados en su navegador o en el disco duro de su computadora (o dispositivo similar) de los sitios web que visita. Entre otras cosas, las cookies permiten que un sitio web almacene y recupere informaci\u00f3n sobre los h\u00e1bitos de navegaci\u00f3n de los usuarios [&hellip;]<\/p>\n","protected":false},"author":5,"featured_media":0,"parent":0,"menu_order":0,"comment_status":"closed","ping_status":"closed","template":"template-builder.php","meta":{"footnotes":""},"class_list":["post-1752","page","type-page","status-publish","hentry"],"yoast_head":"<!-- This site is optimized with the Yoast SEO plugin v26.5 - https:\/\/yoast.com\/wordpress\/plugins\/seo\/ -->\n<title>Pol\u00edtica de Cookies | Small Ruminants<\/title>\n<meta name=\"robots\" content=\"noindex, follow\" \/>\n<meta property=\"og:locale\" content=\"es_ES\" \/>\n<meta property=\"og:type\" content=\"article\" \/>\n<meta property=\"og:title\" content=\"Pol\u00edtica de Cookies | Small Ruminants\" \/>\n<meta property=\"og:description\" content=\"Declaraci\u00f3n sobre el uso de cookies: Las cookies son archivos de texto ubicados en su navegador o en el disco duro de su computadora (o dispositivo similar) de los sitios web que visita. Entre otras cosas, las cookies permiten que un sitio web almacene y recupere informaci\u00f3n sobre los h\u00e1bitos de navegaci\u00f3n de los usuarios [&hellip;]\" \/>\n<meta property=\"og:url\" content=\"https:\/\/aboutsmallruminants.com\/es\/politica-de-cookies\/\" \/>\n<meta property=\"og:site_name\" content=\"Small Ruminants\" \/>\n<meta property=\"article:modified_time\" content=\"2025-03-27T16:30:08+00:00\" \/>\n<meta name=\"twitter:card\" content=\"summary_large_image\" \/>\n<meta name=\"twitter:label1\" content=\"Tiempo de lectura\" \/>\n\t<meta name=\"twitter:data1\" content=\"3 minutos\" \/>\n<script type=\"application\/ld+json\" class=\"yoast-schema-graph\">{\"@context\":\"https:\/\/schema.org\",\"@graph\":[{\"@type\":\"WebPage\",\"@id\":\"https:\/\/aboutsmallruminants.com\/es\/politica-de-cookies\/\",\"url\":\"https:\/\/aboutsmallruminants.com\/es\/politica-de-cookies\/\",\"name\":\"Pol\u00edtica de Cookies | Small Ruminants\",\"isPartOf\":{\"@id\":\"https:\/\/aboutsmallruminants.com\/es\/#website\"},\"datePublished\":\"2020-07-14T11:13:55+00:00\",\"dateModified\":\"2025-03-27T16:30:08+00:00\",\"breadcrumb\":{\"@id\":\"https:\/\/aboutsmallruminants.com\/es\/politica-de-cookies\/#breadcrumb\"},\"inLanguage\":\"es\",\"potentialAction\":[{\"@type\":\"ReadAction\",\"target\":[\"https:\/\/aboutsmallruminants.com\/es\/politica-de-cookies\/\"]}]},{\"@type\":\"BreadcrumbList\",\"@id\":\"https:\/\/aboutsmallruminants.com\/es\/politica-de-cookies\/#breadcrumb\",\"itemListElement\":[{\"@type\":\"ListItem\",\"position\":1,\"name\":\"Portada\",\"item\":\"https:\/\/aboutsmallruminants.com\/es\/\"},{\"@type\":\"ListItem\",\"position\":2,\"name\":\"Pol\u00edtica de Cookies\"}]},{\"@type\":\"WebSite\",\"@id\":\"https:\/\/aboutsmallruminants.com\/es\/#website\",\"url\":\"https:\/\/aboutsmallruminants.com\/es\/\",\"name\":\"Small Ruminants\",\"description\":\"Sheep, goats &amp; lambs vaccination for health prevention\",\"publisher\":{\"@id\":\"https:\/\/aboutsmallruminants.com\/es\/#organization\"},\"potentialAction\":[{\"@type\":\"SearchAction\",\"target\":{\"@type\":\"EntryPoint\",\"urlTemplate\":\"https:\/\/aboutsmallruminants.com\/es\/?s={search_term_string}\"},\"query-input\":{\"@type\":\"PropertyValueSpecification\",\"valueRequired\":true,\"valueName\":\"search_term_string\"}}],\"inLanguage\":\"es\"},{\"@type\":\"Organization\",\"@id\":\"https:\/\/aboutsmallruminants.com\/es\/#organization\",\"name\":\"Laboratorios Hipra\",\"url\":\"https:\/\/aboutsmallruminants.com\/es\/\",\"logo\":{\"@type\":\"ImageObject\",\"inLanguage\":\"es\",\"@id\":\"https:\/\/aboutsmallruminants.com\/es\/#\/schema\/logo\/image\/\",\"url\":\"https:\/\/aboutsmallruminants.com\/wp-content\/uploads\/2020\/07\/hipra-footer.jpg\",\"contentUrl\":\"https:\/\/aboutsmallruminants.com\/wp-content\/uploads\/2020\/07\/hipra-footer.jpg\",\"width\":116,\"height\":116,\"caption\":\"Laboratorios Hipra\"},\"image\":{\"@id\":\"https:\/\/aboutsmallruminants.com\/es\/#\/schema\/logo\/image\/\"}}]}<\/script>\n<!-- \/ Yoast SEO plugin. -->","yoast_head_json":{"title":"Pol\u00edtica de Cookies | Small Ruminants","robots":{"index":"noindex","follow":"follow"},"og_locale":"es_ES","og_type":"article","og_title":"Pol\u00edtica de Cookies | Small Ruminants","og_description":"Declaraci\u00f3n sobre el uso de cookies: Las cookies son archivos de texto ubicados en su navegador o en el disco duro de su computadora (o dispositivo similar) de los sitios web que visita. Entre otras cosas, las cookies permiten que un sitio web almacene y recupere informaci\u00f3n sobre los h\u00e1bitos de navegaci\u00f3n de los usuarios [&hellip;]","og_url":"https:\/\/aboutsmallruminants.com\/es\/politica-de-cookies\/","og_site_name":"Small Ruminants","article_modified_time":"2025-03-27T16:30:08+00:00","twitter_card":"summary_large_image","twitter_misc":{"Tiempo de lectura":"3 minutos"},"schema":{"@context":"https:\/\/schema.org","@graph":[{"@type":"WebPage","@id":"https:\/\/aboutsmallruminants.com\/es\/politica-de-cookies\/","url":"https:\/\/aboutsmallruminants.com\/es\/politica-de-cookies\/","name":"Pol\u00edtica de Cookies | Small Ruminants","isPartOf":{"@id":"https:\/\/aboutsmallruminants.com\/es\/#website"},"datePublished":"2020-07-14T11:13:55+00:00","dateModified":"2025-03-27T16:30:08+00:00","breadcrumb":{"@id":"https:\/\/aboutsmallruminants.com\/es\/politica-de-cookies\/#breadcrumb"},"inLanguage":"es","potentialAction":[{"@type":"ReadAction","target":["https:\/\/aboutsmallruminants.com\/es\/politica-de-cookies\/"]}]},{"@type":"BreadcrumbList","@id":"https:\/\/aboutsmallruminants.com\/es\/politica-de-cookies\/#breadcrumb","itemListElement":[{"@type":"ListItem","position":1,"name":"Portada","item":"https:\/\/aboutsmallruminants.com\/es\/"},{"@type":"ListItem","position":2,"name":"Pol\u00edtica de Cookies"}]},{"@type":"WebSite","@id":"https:\/\/aboutsmallruminants.com\/es\/#website","url":"https:\/\/aboutsmallruminants.com\/es\/","name":"Small Ruminants","description":"Sheep, goats &amp; lambs vaccination for health prevention","publisher":{"@id":"https:\/\/aboutsmallruminants.com\/es\/#organization"},"potentialAction":[{"@type":"SearchAction","target":{"@type":"EntryPoint","urlTemplate":"https:\/\/aboutsmallruminants.com\/es\/?s={search_term_string}"},"query-input":{"@type":"PropertyValueSpecification","valueRequired":true,"valueName":"search_term_string"}}],"inLanguage":"es"},{"@type":"Organization","@id":"https:\/\/aboutsmallruminants.com\/es\/#organization","name":"Laboratorios Hipra","url":"https:\/\/aboutsmallruminants.com\/es\/","logo":{"@type":"ImageObject","inLanguage":"es","@id":"https:\/\/aboutsmallruminants.com\/es\/#\/schema\/logo\/image\/","url":"https:\/\/aboutsmallruminants.com\/wp-content\/uploads\/2020\/07\/hipra-footer.jpg","contentUrl":"https:\/\/aboutsmallruminants.com\/wp-content\/uploads\/2020\/07\/hipra-footer.jpg","width":116,"height":116,"caption":"Laboratorios Hipra"},"image":{"@id":"https:\/\/aboutsmallruminants.com\/es\/#\/schema\/logo\/image\/"}}]}},"_links":{"self":[{"href":"https:\/\/aboutsmallruminants.com\/es\/wp-json\/wp\/v2\/pages\/1752","targetHints":{"allow":["GET"]}}],"collection":[{"href":"https:\/\/aboutsmallruminants.com\/es\/wp-json\/wp\/v2\/pages"}],"about":[{"href":"https:\/\/aboutsmallruminants.com\/es\/wp-json\/wp\/v2\/types\/page"}],"author":[{"embeddable":true,"href":"https:\/\/aboutsmallruminants.com\/es\/wp-json\/wp\/v2\/users\/5"}],"replies":[{"embeddable":true,"href":"https:\/\/aboutsmallruminants.com\/es\/wp-json\/wp\/v2\/comments?post=1752"}],"version-history":[{"count":12,"href":"https:\/\/aboutsmallruminants.com\/es\/wp-json\/wp\/v2\/pages\/1752\/revisions"}],"predecessor-version":[{"id":27104,"href":"https:\/\/aboutsmallruminants.com\/es\/wp-json\/wp\/v2\/pages\/1752\/revisions\/27104"}],"wp:attachment":[{"href":"https:\/\/aboutsmallruminants.com\/es\/wp-json\/wp\/v2\/media?parent=1752"}],"curies":[{"name":"wp","href":"https:\/\/api.w.org\/{rel}","templated":true}]}}