
{"id":1769,"date":"2020-07-14T11:26:09","date_gmt":"2020-07-14T11:26:09","guid":{"rendered":"https:\/\/aboutsmallruminants.com\/privacy-policy\/"},"modified":"2020-09-29T07:30:55","modified_gmt":"2020-09-29T07:30:55","slug":"politica-de-privacidad","status":"publish","type":"page","link":"https:\/\/aboutsmallruminants.com\/es\/politica-de-privacidad\/","title":{"rendered":"Pol\u00edtica de privacidad"},"content":{"rendered":"\t\t<div data-elementor-type=\"wp-page\" data-elementor-id=\"1769\" class=\"elementor elementor-1769 elementor-233\" data-elementor-post-type=\"page\">\n\t\t\t\t\t\t<section class=\"elementor-section elementor-top-section elementor-element elementor-element-168aa55b elementor-section-boxed elementor-section-height-default elementor-section-height-default\" data-id=\"168aa55b\" data-element_type=\"section\">\n\t\t\t\t\t\t<div class=\"elementor-container elementor-column-gap-default\">\n\t\t\t\t\t<div class=\"elementor-column elementor-col-100 elementor-top-column elementor-element elementor-element-77ef7912\" data-id=\"77ef7912\" data-element_type=\"column\">\n\t\t\t<div class=\"elementor-widget-wrap elementor-element-populated\">\n\t\t\t\t\t\t<div class=\"elementor-element elementor-element-1c95645 elementor-widget elementor-widget-text-editor\" data-id=\"1c95645\" data-element_type=\"widget\" data-widget_type=\"text-editor.default\">\n\t\t\t\t<div class=\"elementor-widget-container\">\n\t\t\t\t\t\t\t\t\t<p><strong>Le exponemos a continuaci\u00f3n los criterios que aplica HIPRA respecto al tratamiento de los datos de car\u00e1cter personal que voluntariamente decida facilitarnos a trav\u00e9s de esta p\u00e1gina web:<\/strong><\/p>\n<p>Al utilizar el presente Sitio Web, las Aplicaciones y\/o al comunicarse electr\u00f3nicamente con HIPRA, es posible que se recojan y traten los datos personales de cada usuario. El tratamiento de dichos datos personales se regir\u00e1 por esta Pol\u00edtica de Privacidad.<\/p>\n<p>El Responsable del tratamiento de los datos personales es LABORATORIOS HIPRA, S.A., con domicilio social en la Avda. La Selva 135, 17170 Amer (Girona), Espa\u00f1a.<\/p>\n<p>La finalidad del tratamiento de datos personales puede consistir en: (i) gestionar la relaci\u00f3n comercial y\/o contractual con HIPRA; (ii) utilizar su informaci\u00f3n como punto de contacto de HIPRA; (iii) el env\u00edo de informaci\u00f3n, formaci\u00f3n o de eventos en el \u00e1mbito de actividades profesionales propias de HIPRA; y\/o (iv) responder a las consultas o cuestiones que pueda remitir a trav\u00e9s del Sitio Web o Aplicaciones.<\/p>\n<p>La legitimaci\u00f3n para el tratamiento es el inter\u00e9s leg\u00edtimo de HIPRA en mantener la relaci\u00f3n existente con el usuario y\/o, en su caso, su consentimiento. Por tanto, HIPRA recoger\u00e1 y tratar\u00e1 sus datos mientras la relaci\u00f3n siga vigente y, siempre y cuando el usuario no revoque el consentimiento que ha prestado al tratamiento de sus datos. En todo caso, cuando los datos personales no sean necesarios para el fin para el que fueron recabados, y mientras no se proceda a la cancelaci\u00f3n definitiva de los mismos, se conservar\u00e1n de forma segura.<\/p>\n<p>Como grupo de empresas con presencia internacional, HIPRA podr\u00e1 comunicar e intercambiarse los datos de los usuarios con las compa\u00f1\u00edas pertenecientes al Grupo HIPRA que se detallan en la web para las mismas finalidades antes indicadas. En cualquier caso, sus datos ser\u00e1n tratados con un nivel de protecci\u00f3n de acuerdo a la normativa aplicable.<\/p>\n<p>Asimismo, HIPRA podr\u00e1 transferir los datos personales: (i) a proveedores de servicios subcontratados para prestar servicios (e.g.: alojamiento web, an\u00e1lisis de datos, suministro de tecnolog\u00edas de la informaci\u00f3n e infraestructura relacionada, atenci\u00f3n al cliente, env\u00edo de correos electr\u00f3nicos, auditor\u00eda y otros servicios); (ii) a otras empresas con las que colaboramos en relaci\u00f3n con productos o servicios concretos; y (iii) para cumplir con las leyes aplicables y solicitudes de autoridades p\u00fablicas.<\/p>\n<p>Le informamos de que los usuarios tienen derecho a ejercitar en todo momento, en los t\u00e9rminos establecidos por la legislaci\u00f3n vigente los derechos de acceso, rectificaci\u00f3n o supresi\u00f3n de datos, solicitar que se limite el tratamiento, oponerse al mismo, solicitar la portabilidad de sus datos, as\u00ed como revocar el consentimiento prestado, dirigi\u00e9ndose por escrito a la direcci\u00f3n: Avda. La Selva 135, 17170 Amer (Girona), Espa\u00f1a, o a la direcci\u00f3n de correo electr\u00f3nico&nbsp;<a href=\"mailto:privacy@hipra.com\" target=\"_blank\">privacy@hipra.com<\/a>, sin perjuicio de dirigirse tambi\u00e9n a la Autoridad espa\u00f1ola de protecci\u00f3n de datos.<\/p>\n<p>El usuario se compromete a notificar cualquier cambio o modificaci\u00f3n de los datos personales que haya facilitado. HIPRA queda exonerada de cualquier p\u00e9rdida o da\u00f1o causado por la comunicaci\u00f3n de datos err\u00f3neos, inexactos o incompletos.<\/p>\t\t\t\t\t\t\t\t<\/div>\n\t\t\t\t<\/div>\n\t\t\t\t\t<\/div>\n\t\t<\/div>\n\t\t\t\t\t<\/div>\n\t\t<\/section>\n\t\t\t\t<\/div>\n\t\t","protected":false},"excerpt":{"rendered":"<p>Le exponemos a continuaci\u00f3n los criterios que aplica HIPRA respecto al tratamiento de los datos de car\u00e1cter personal que voluntariamente decida facilitarnos a trav\u00e9s de esta p\u00e1gina web: Al utilizar el presente Sitio Web, las Aplicaciones y\/o al comunicarse electr\u00f3nicamente con HIPRA, es posible que se recojan y traten los datos personales de cada usuario. [&hellip;]<\/p>\n","protected":false},"author":5,"featured_media":0,"parent":0,"menu_order":0,"comment_status":"closed","ping_status":"closed","template":"template-builder.php","meta":{"footnotes":""},"class_list":["post-1769","page","type-page","status-publish","hentry"],"yoast_head":"<!-- This site is optimized with the Yoast SEO plugin v26.5 - https:\/\/yoast.com\/wordpress\/plugins\/seo\/ -->\n<title>Pol\u00edtica de privacidad | Small Ruminants<\/title>\n<meta name=\"robots\" content=\"noindex, follow\" \/>\n<meta property=\"og:locale\" content=\"es_ES\" \/>\n<meta property=\"og:type\" content=\"article\" \/>\n<meta property=\"og:title\" content=\"Pol\u00edtica de privacidad | Small Ruminants\" \/>\n<meta property=\"og:description\" content=\"Le exponemos a continuaci\u00f3n los criterios que aplica HIPRA respecto al tratamiento de los datos de car\u00e1cter personal que voluntariamente decida facilitarnos a trav\u00e9s de esta p\u00e1gina web: Al utilizar el presente Sitio Web, las Aplicaciones y\/o al comunicarse electr\u00f3nicamente con HIPRA, es posible que se recojan y traten los datos personales de cada usuario. [&hellip;]\" \/>\n<meta property=\"og:url\" content=\"https:\/\/aboutsmallruminants.com\/es\/politica-de-privacidad\/\" \/>\n<meta property=\"og:site_name\" content=\"Small Ruminants\" \/>\n<meta property=\"article:modified_time\" content=\"2020-09-29T07:30:55+00:00\" \/>\n<meta name=\"twitter:card\" content=\"summary_large_image\" \/>\n<meta name=\"twitter:label1\" content=\"Tiempo de lectura\" \/>\n\t<meta name=\"twitter:data1\" content=\"3 minutos\" \/>\n<script type=\"application\/ld+json\" class=\"yoast-schema-graph\">{\"@context\":\"https:\/\/schema.org\",\"@graph\":[{\"@type\":\"WebPage\",\"@id\":\"https:\/\/aboutsmallruminants.com\/es\/politica-de-privacidad\/\",\"url\":\"https:\/\/aboutsmallruminants.com\/es\/politica-de-privacidad\/\",\"name\":\"Pol\u00edtica de privacidad | Small Ruminants\",\"isPartOf\":{\"@id\":\"https:\/\/aboutsmallruminants.com\/es\/#website\"},\"datePublished\":\"2020-07-14T11:26:09+00:00\",\"dateModified\":\"2020-09-29T07:30:55+00:00\",\"breadcrumb\":{\"@id\":\"https:\/\/aboutsmallruminants.com\/es\/politica-de-privacidad\/#breadcrumb\"},\"inLanguage\":\"es\",\"potentialAction\":[{\"@type\":\"ReadAction\",\"target\":[\"https:\/\/aboutsmallruminants.com\/es\/politica-de-privacidad\/\"]}]},{\"@type\":\"BreadcrumbList\",\"@id\":\"https:\/\/aboutsmallruminants.com\/es\/politica-de-privacidad\/#breadcrumb\",\"itemListElement\":[{\"@type\":\"ListItem\",\"position\":1,\"name\":\"Portada\",\"item\":\"https:\/\/aboutsmallruminants.com\/es\/\"},{\"@type\":\"ListItem\",\"position\":2,\"name\":\"Pol\u00edtica de privacidad\"}]},{\"@type\":\"WebSite\",\"@id\":\"https:\/\/aboutsmallruminants.com\/es\/#website\",\"url\":\"https:\/\/aboutsmallruminants.com\/es\/\",\"name\":\"Small Ruminants\",\"description\":\"Sheep, goats &amp; lambs vaccination for health prevention\",\"publisher\":{\"@id\":\"https:\/\/aboutsmallruminants.com\/es\/#organization\"},\"potentialAction\":[{\"@type\":\"SearchAction\",\"target\":{\"@type\":\"EntryPoint\",\"urlTemplate\":\"https:\/\/aboutsmallruminants.com\/es\/?s={search_term_string}\"},\"query-input\":{\"@type\":\"PropertyValueSpecification\",\"valueRequired\":true,\"valueName\":\"search_term_string\"}}],\"inLanguage\":\"es\"},{\"@type\":\"Organization\",\"@id\":\"https:\/\/aboutsmallruminants.com\/es\/#organization\",\"name\":\"Laboratorios Hipra\",\"url\":\"https:\/\/aboutsmallruminants.com\/es\/\",\"logo\":{\"@type\":\"ImageObject\",\"inLanguage\":\"es\",\"@id\":\"https:\/\/aboutsmallruminants.com\/es\/#\/schema\/logo\/image\/\",\"url\":\"https:\/\/aboutsmallruminants.com\/wp-content\/uploads\/2020\/07\/hipra-footer.jpg\",\"contentUrl\":\"https:\/\/aboutsmallruminants.com\/wp-content\/uploads\/2020\/07\/hipra-footer.jpg\",\"width\":116,\"height\":116,\"caption\":\"Laboratorios Hipra\"},\"image\":{\"@id\":\"https:\/\/aboutsmallruminants.com\/es\/#\/schema\/logo\/image\/\"}}]}<\/script>\n<!-- \/ Yoast SEO plugin. -->","yoast_head_json":{"title":"Pol\u00edtica de privacidad | Small Ruminants","robots":{"index":"noindex","follow":"follow"},"og_locale":"es_ES","og_type":"article","og_title":"Pol\u00edtica de privacidad | Small Ruminants","og_description":"Le exponemos a continuaci\u00f3n los criterios que aplica HIPRA respecto al tratamiento de los datos de car\u00e1cter personal que voluntariamente decida facilitarnos a trav\u00e9s de esta p\u00e1gina web: Al utilizar el presente Sitio Web, las Aplicaciones y\/o al comunicarse electr\u00f3nicamente con HIPRA, es posible que se recojan y traten los datos personales de cada usuario. [&hellip;]","og_url":"https:\/\/aboutsmallruminants.com\/es\/politica-de-privacidad\/","og_site_name":"Small Ruminants","article_modified_time":"2020-09-29T07:30:55+00:00","twitter_card":"summary_large_image","twitter_misc":{"Tiempo de lectura":"3 minutos"},"schema":{"@context":"https:\/\/schema.org","@graph":[{"@type":"WebPage","@id":"https:\/\/aboutsmallruminants.com\/es\/politica-de-privacidad\/","url":"https:\/\/aboutsmallruminants.com\/es\/politica-de-privacidad\/","name":"Pol\u00edtica de privacidad | Small Ruminants","isPartOf":{"@id":"https:\/\/aboutsmallruminants.com\/es\/#website"},"datePublished":"2020-07-14T11:26:09+00:00","dateModified":"2020-09-29T07:30:55+00:00","breadcrumb":{"@id":"https:\/\/aboutsmallruminants.com\/es\/politica-de-privacidad\/#breadcrumb"},"inLanguage":"es","potentialAction":[{"@type":"ReadAction","target":["https:\/\/aboutsmallruminants.com\/es\/politica-de-privacidad\/"]}]},{"@type":"BreadcrumbList","@id":"https:\/\/aboutsmallruminants.com\/es\/politica-de-privacidad\/#breadcrumb","itemListElement":[{"@type":"ListItem","position":1,"name":"Portada","item":"https:\/\/aboutsmallruminants.com\/es\/"},{"@type":"ListItem","position":2,"name":"Pol\u00edtica de privacidad"}]},{"@type":"WebSite","@id":"https:\/\/aboutsmallruminants.com\/es\/#website","url":"https:\/\/aboutsmallruminants.com\/es\/","name":"Small Ruminants","description":"Sheep, goats &amp; lambs vaccination for health prevention","publisher":{"@id":"https:\/\/aboutsmallruminants.com\/es\/#organization"},"potentialAction":[{"@type":"SearchAction","target":{"@type":"EntryPoint","urlTemplate":"https:\/\/aboutsmallruminants.com\/es\/?s={search_term_string}"},"query-input":{"@type":"PropertyValueSpecification","valueRequired":true,"valueName":"search_term_string"}}],"inLanguage":"es"},{"@type":"Organization","@id":"https:\/\/aboutsmallruminants.com\/es\/#organization","name":"Laboratorios Hipra","url":"https:\/\/aboutsmallruminants.com\/es\/","logo":{"@type":"ImageObject","inLanguage":"es","@id":"https:\/\/aboutsmallruminants.com\/es\/#\/schema\/logo\/image\/","url":"https:\/\/aboutsmallruminants.com\/wp-content\/uploads\/2020\/07\/hipra-footer.jpg","contentUrl":"https:\/\/aboutsmallruminants.com\/wp-content\/uploads\/2020\/07\/hipra-footer.jpg","width":116,"height":116,"caption":"Laboratorios Hipra"},"image":{"@id":"https:\/\/aboutsmallruminants.com\/es\/#\/schema\/logo\/image\/"}}]}},"_links":{"self":[{"href":"https:\/\/aboutsmallruminants.com\/es\/wp-json\/wp\/v2\/pages\/1769","targetHints":{"allow":["GET"]}}],"collection":[{"href":"https:\/\/aboutsmallruminants.com\/es\/wp-json\/wp\/v2\/pages"}],"about":[{"href":"https:\/\/aboutsmallruminants.com\/es\/wp-json\/wp\/v2\/types\/page"}],"author":[{"embeddable":true,"href":"https:\/\/aboutsmallruminants.com\/es\/wp-json\/wp\/v2\/users\/5"}],"replies":[{"embeddable":true,"href":"https:\/\/aboutsmallruminants.com\/es\/wp-json\/wp\/v2\/comments?post=1769"}],"version-history":[{"count":3,"href":"https:\/\/aboutsmallruminants.com\/es\/wp-json\/wp\/v2\/pages\/1769\/revisions"}],"predecessor-version":[{"id":2875,"href":"https:\/\/aboutsmallruminants.com\/es\/wp-json\/wp\/v2\/pages\/1769\/revisions\/2875"}],"wp:attachment":[{"href":"https:\/\/aboutsmallruminants.com\/es\/wp-json\/wp\/v2\/media?parent=1769"}],"curies":[{"name":"wp","href":"https:\/\/api.w.org\/{rel}","templated":true}]}}