
{"id":1778,"date":"2020-07-14T11:27:39","date_gmt":"2020-07-14T11:27:39","guid":{"rendered":"https:\/\/aboutsmallruminants.com\/terms-of-use\/"},"modified":"2020-09-29T07:50:28","modified_gmt":"2020-09-29T07:50:28","slug":"terminos-de-uso","status":"publish","type":"page","link":"https:\/\/aboutsmallruminants.com\/es\/terminos-de-uso\/","title":{"rendered":"T\u00e9rminos de Uso"},"content":{"rendered":"\t\t<div data-elementor-type=\"wp-page\" data-elementor-id=\"1778\" class=\"elementor elementor-1778 elementor-236\" data-elementor-post-type=\"page\">\n\t\t\t\t\t\t<section class=\"elementor-section elementor-top-section elementor-element elementor-element-3dd82815 elementor-section-boxed elementor-section-height-default elementor-section-height-default\" data-id=\"3dd82815\" data-element_type=\"section\">\n\t\t\t\t\t\t<div class=\"elementor-container elementor-column-gap-default\">\n\t\t\t\t\t<div class=\"elementor-column elementor-col-100 elementor-top-column elementor-element elementor-element-4c1ff7ff\" data-id=\"4c1ff7ff\" data-element_type=\"column\">\n\t\t\t<div class=\"elementor-widget-wrap elementor-element-populated\">\n\t\t\t\t\t\t<div class=\"elementor-element elementor-element-581fe68e elementor-widget elementor-widget-text-editor\" data-id=\"581fe68e\" data-element_type=\"widget\" data-widget_type=\"text-editor.default\">\n\t\t\t\t<div class=\"elementor-widget-container\">\n\t\t\t\t\t\t\t\t\t<p>Bienvenido al sitio web de WHAT ABOUT SMALL RUMINANTS. La informaci\u00f3n facilitada en este sitio tiene \u00fanicamente fines informativos. Rogamos que lea y examine detenidamente estas Condiciones de Uso antes de utilizar o acceder a esta web. Al usar o acceder a esta web, usted reconoce que ha le\u00eddo, entendido y aceptado las siguientes Condiciones de Uso. Si no est\u00e1 de acuerdo con estas Condiciones de Uso, no puede usar ni acceder a esta web.<\/p><h3><strong>CONDICIONES DE USO:<\/strong><\/h3><p>LABORATORIOS HIPRA, S.A. (en adelante, HIPRA) es una sociedad espa\u00f1ola, inscrita en el Registro Mercantil de Girona, con domicilio en Avenida La Selva, n\u00fam. 135, 17170, Amer (Girona) Espa\u00f1a (Tel\u00e9fono: +34 972 43 06 60). HIPRA es la titular exclusiva de esta web; excepto indicaci\u00f3n expresa en contrario, la titularidad de todos los derechos de propiedad intelectual e industrial de los contenidos de esta web corresponde a HIPRA.<\/p><h4><strong>Informaci\u00f3n<\/strong><\/h4><p>La informaci\u00f3n contenida en esta p\u00e1gina web debe ser considerada como informaci\u00f3n general, de car\u00e1cter meramente orientativo. Esta informaci\u00f3n no debe tomarse como una norma estricta de prescripci\u00f3n, ya que algunos datos pueden variar de un pa\u00eds a otro en funci\u00f3n de la legislaci\u00f3n local (para conocer los datos exactos de prescripci\u00f3n vigentes en su pa\u00eds, por favor contacte con la oficina de HIPRA m\u00e1s cercana). Esta informaci\u00f3n puede no adaptarse al caso particular de cada animal y no dispensa a los usuarios de consultar con un veterinario, que es el \u00fanico profesional cualificado en este \u00e1mbito. La informaci\u00f3n que proporciona esta web, que se refiere particularmente a salud animal y a los productos HIPRA, no puede equipararse a los consejos de un veterinario basados en el an\u00e1lisis de cada caso. Asimismo, la informaci\u00f3n HIPRA declina toda responsabilidad por la interpretaci\u00f3n o la utilizaci\u00f3n que el usuario pueda hacer de tal informaci\u00f3n, o por las decisiones que pueda tomar bas\u00e1ndose en la misma.<\/p><p>Algunas de las informaciones o servicios contenidos en la web est\u00e1n destinados exclusivamente a profesionales de la salud animal facultados para la prescripci\u00f3n o dispensaci\u00f3n de medicamentos veterinarios, por lo que, en caso de no formar parte de estos colectivos, les solicitamos que se abstengan de continuar.<\/p><p>Es intenci\u00f3n de HIPRA ofrecer en todo momento una informaci\u00f3n actualizada, cierta, exacta y completa en esta p\u00e1gina web. Sin embargo, la informaci\u00f3n contenida en la web puede contener incorrecciones t\u00e9cnicas, errores tipogr\u00e1ficos o no estar actualizada. HIPRA no se responsabiliza de la idoneidad de la informaci\u00f3n contenida en esta web. En ning\u00fan caso HIPRA ser\u00e1 responsable de ning\u00fan da\u00f1o provocado por p\u00e9rdidas que se deriven de la visualizaci\u00f3n, utilizaci\u00f3n del software, documentos, informaci\u00f3n o servicios, en general, disponibles en esta web.<\/p><p>Esta p\u00e1gina muestra el cat\u00e1logo de productos HIPRA fabricados en Espa\u00f1a. Algunos de los productos que aparecen en esta p\u00e1gina web pueden tener su uso o distribuci\u00f3n restringidos o no estar disponibles en todos los pa\u00edses. Cualquier oferta de un producto o servicios efectuada en este sitio web ser\u00e1 nula si est\u00e1 prohibida. Para conocer los productos disponibles en su pa\u00eds, contacte con la oficina de HIPRA m\u00e1s cercana.<\/p><h4><strong>Propiedad Industrial e Intelectual<\/strong><\/h4><p>Todos los contenidos de esta web (incluyendo, a t\u00edtulo enunciativo y no limitativo: marcas, nombres comerciales, logotipos y signos distintivos de cualquier tipo, derechos de autor, bases de datos, im\u00e1genes, dibujos, gr\u00e1ficos, textos, archivos de audio y v\u00eddeo, software, combinaciones de colores, etc\u2026) son propiedad de HIPRA o de sus autores y est\u00e1n protegidos por las normas nacionales e internacionales de propiedad intelectual e industrial, entre otras. No se confiere al usuario ninguna licencia ni derecho alguno de explotaci\u00f3n de la totalidad o parte de esta p\u00e1gina web o de los elementos o contenidos que la integran.<\/p><p>Por tanto, los elementos o contenido de esta p\u00e1gina web no podr\u00e1n ser objeto de manipulaci\u00f3n alguna (modificaci\u00f3n, copia, alteraci\u00f3n, reproducci\u00f3n, transmisi\u00f3n, adaptaci\u00f3n, traducci\u00f3n, etc.) por parte del usuario o de terceros, ya sea total o parcialmente, sin la expresa autorizaci\u00f3n por parte de HIPRA.<\/p><h4><strong>Protecci\u00f3n de datos<\/strong><\/h4><p>Le exponemos a continuaci\u00f3n los criterios que aplica HIPRA respecto al tratamiento de los datos de car\u00e1cter personal que voluntariamente decida facilitarnos a trav\u00e9s de esta p\u00e1gina web.<\/p><p>De conformidad con las normas Europeas de Protecci\u00f3n de las personas f\u00edsicas en lo que respecta al tratamiento de datos personales y a la libre circulaci\u00f3n de estos datos y a la normativa local que la desarrolla, los datos de car\u00e1cter personal que usted desee suministrarnos ser\u00e1n incorporados a una base de datos que es propiedad y responsabilidad de HIPRA y ser\u00e1n procesados exclusivamente para la finalidad descrita en el correspondiente formulario de recogida de datos (mediante el env\u00edo de sus datos, usted presta libremente su consentimiento al tratamiento de los mismos para dichas finalidades). Los datos de car\u00e1cter personal que usted nos pueda facilitar ser\u00e1n tratados por HIPRA con los adecuados niveles de seguridad, de acuerdo con la normativa aplicable, tom\u00e1ndose las medidas t\u00e9cnicas de seguridad necesarias y a nuestro alcance seg\u00fan el actual estado de la tecnolog\u00eda, para intentar evitar su alteraci\u00f3n, p\u00e9rdida, mal uso, tratamiento o acceso no autorizado por parte de terceros.<\/p><p>Los datos de car\u00e1cter personal que nos proporciona no ser\u00e1n cedidos a ningun tercero, y s\u00f3lo ser\u00e1n utilizados para enviarle, si lo desea, informaci\u00f3n sobre productos, recursos, art\u00edculos, noticias, reportajes, novedades o cualquier otra informaci\u00f3n relevante relacionada con el sector de la sanidad animal.<\/p><p>Si lo desea podr\u00e1 ejercitar su derecho de oposici\u00f3n, acceso, rectificaci\u00f3n y\/o cancelaci\u00f3n, en los t\u00e9rminos establecidos en la normativa vigente, comunic\u00e1ndolo por escrito a HIPRA. Nuestra pol\u00edtica de Protecci\u00f3n de Datos puede variar para ajustarse a la legislaci\u00f3n vigente y a los criterios de protecci\u00f3n aplicables. Caso de producirse alg\u00fan cambio le mantendremos informados a trav\u00e9s de este medio. Para cualquier consulta o comentario en relaci\u00f3n con este tema, puede contactar con nosotros personalmente, por correo ordinario, o bien a trav\u00e9s de la direcci\u00f3n de correo electr\u00f3nico <a href=\"mailto:hipra@hipra.com\">hipra@hipra.com<\/a>.<\/p><h4><strong>Webs de terceros<\/strong><\/h4><p>Este sitio web puede contener v\u00ednculos o referencias a otros sitios web mantenidos por terceros sobre los que HIPRA carece de control. Dichos v\u00ednculos s\u00f3lo se incluyen para facilitar la consulta. Del mismo modo, se puede acceder a este sitio web desde v\u00ednculos de terceros sobre los que HIPRA carece de control. HIPRA no concede ninguna garant\u00eda ni realiza ninguna manifestaci\u00f3n sobre si la informaci\u00f3n contenida en dichos sitios web es completa, exacta, actualizada o exhaustiva y no responder\u00e1 por los da\u00f1os o perjuicios de ning\u00fan tipo derivados de tales sitios.<\/p><h4><strong>Modificaciones<\/strong><\/h4><p>HIPRA se reserva el derecho de modificar o corregir, en cualquier momento y sin previo aviso, el contenido de la p\u00e1gina web, y\/o a interrumpir o suspender total o parcialmente las funcionalidades de la misma. En ning\u00fan caso, HIPRA ser\u00e1 responsable por las consecuencias de tales modificaciones, interrupciones o suspensiones.<\/p><h4><strong>Ley aplicable y jurisdicci\u00f3n<\/strong><\/h4><p>Estas condiciones est\u00e1n sujetas a la ley espa\u00f1ola. Para la resoluci\u00f3n de cualquier controversia o divergencia relacionada con el presente sitio web ser\u00e1n exclusivamente competentes los Juzgados y Tribunales de la ciudad de Girona (Espa\u00f1a).<\/p><h4><strong>Disposiciones varias<\/strong><\/h4><p>Si alguna disposici\u00f3n de las presentes Condiciones de Uso es declarada ilegal o nula, se prescindir\u00e1 de dicha disposici\u00f3n sin que ello afecte a la exigibilidad de las restantes disposiciones.<\/p><h4><strong>Informaci\u00f3n general<\/strong><\/h4><p>En cumplimiento de la Ley 34\/2002, de Servicios de la Sociedad de la Informaci\u00f3n y de Comercio Electr\u00f3nico, le informamos de los siguientes datos:<\/p><p>Datos de las compa\u00f1\u00edas espa\u00f1olas:<\/p><p>LABORATORIOS HIPRA, S.A.<br \/>NIF: A-28063675<br \/>Avenida La Selva, 135<br \/>17170, Amer, Girona<br \/>Espa\u00f1a<br \/>Tel\u00e9fono: +34.972.43.06.60<br \/>Web: www.hipra.com<br \/>Correo electr\u00f3nico: <a href=\"mailto:hipra@hipra.com\">hipra@hipra.com<\/a><\/p>\t\t\t\t\t\t\t\t<\/div>\n\t\t\t\t<\/div>\n\t\t\t\t\t<\/div>\n\t\t<\/div>\n\t\t\t\t\t<\/div>\n\t\t<\/section>\n\t\t\t\t<\/div>\n\t\t","protected":false},"excerpt":{"rendered":"<p>Bienvenido al sitio web de WHAT ABOUT SMALL RUMINANTS. La informaci\u00f3n facilitada en este sitio tiene \u00fanicamente fines informativos. Rogamos que lea y examine detenidamente estas Condiciones de Uso antes de utilizar o acceder a esta web. Al usar o acceder a esta web, usted reconoce que ha le\u00eddo, entendido y aceptado las siguientes Condiciones [&hellip;]<\/p>\n","protected":false},"author":5,"featured_media":0,"parent":0,"menu_order":0,"comment_status":"closed","ping_status":"closed","template":"template-builder.php","meta":{"footnotes":""},"class_list":["post-1778","page","type-page","status-publish","hentry"],"yoast_head":"<!-- This site is optimized with the Yoast SEO plugin v26.5 - https:\/\/yoast.com\/wordpress\/plugins\/seo\/ -->\n<title>T\u00e9rminos de Uso | Small Ruminants<\/title>\n<meta name=\"robots\" content=\"noindex, follow\" \/>\n<meta property=\"og:locale\" content=\"es_ES\" \/>\n<meta property=\"og:type\" content=\"article\" \/>\n<meta property=\"og:title\" content=\"T\u00e9rminos de Uso | Small Ruminants\" \/>\n<meta property=\"og:description\" content=\"Bienvenido al sitio web de WHAT ABOUT SMALL RUMINANTS. La informaci\u00f3n facilitada en este sitio tiene \u00fanicamente fines informativos. Rogamos que lea y examine detenidamente estas Condiciones de Uso antes de utilizar o acceder a esta web. Al usar o acceder a esta web, usted reconoce que ha le\u00eddo, entendido y aceptado las siguientes Condiciones [&hellip;]\" \/>\n<meta property=\"og:url\" content=\"https:\/\/aboutsmallruminants.com\/es\/terminos-de-uso\/\" \/>\n<meta property=\"og:site_name\" content=\"Small Ruminants\" \/>\n<meta property=\"article:modified_time\" content=\"2020-09-29T07:50:28+00:00\" \/>\n<meta name=\"twitter:card\" content=\"summary_large_image\" \/>\n<meta name=\"twitter:label1\" content=\"Tiempo de lectura\" \/>\n\t<meta name=\"twitter:data1\" content=\"7 minutos\" \/>\n<script type=\"application\/ld+json\" class=\"yoast-schema-graph\">{\"@context\":\"https:\/\/schema.org\",\"@graph\":[{\"@type\":\"WebPage\",\"@id\":\"https:\/\/aboutsmallruminants.com\/es\/terminos-de-uso\/\",\"url\":\"https:\/\/aboutsmallruminants.com\/es\/terminos-de-uso\/\",\"name\":\"T\u00e9rminos de Uso | Small Ruminants\",\"isPartOf\":{\"@id\":\"https:\/\/aboutsmallruminants.com\/es\/#website\"},\"datePublished\":\"2020-07-14T11:27:39+00:00\",\"dateModified\":\"2020-09-29T07:50:28+00:00\",\"breadcrumb\":{\"@id\":\"https:\/\/aboutsmallruminants.com\/es\/terminos-de-uso\/#breadcrumb\"},\"inLanguage\":\"es\",\"potentialAction\":[{\"@type\":\"ReadAction\",\"target\":[\"https:\/\/aboutsmallruminants.com\/es\/terminos-de-uso\/\"]}]},{\"@type\":\"BreadcrumbList\",\"@id\":\"https:\/\/aboutsmallruminants.com\/es\/terminos-de-uso\/#breadcrumb\",\"itemListElement\":[{\"@type\":\"ListItem\",\"position\":1,\"name\":\"Portada\",\"item\":\"https:\/\/aboutsmallruminants.com\/es\/\"},{\"@type\":\"ListItem\",\"position\":2,\"name\":\"T\u00e9rminos de Uso\"}]},{\"@type\":\"WebSite\",\"@id\":\"https:\/\/aboutsmallruminants.com\/es\/#website\",\"url\":\"https:\/\/aboutsmallruminants.com\/es\/\",\"name\":\"Small Ruminants\",\"description\":\"Sheep, goats &amp; lambs vaccination for health prevention\",\"publisher\":{\"@id\":\"https:\/\/aboutsmallruminants.com\/es\/#organization\"},\"potentialAction\":[{\"@type\":\"SearchAction\",\"target\":{\"@type\":\"EntryPoint\",\"urlTemplate\":\"https:\/\/aboutsmallruminants.com\/es\/?s={search_term_string}\"},\"query-input\":{\"@type\":\"PropertyValueSpecification\",\"valueRequired\":true,\"valueName\":\"search_term_string\"}}],\"inLanguage\":\"es\"},{\"@type\":\"Organization\",\"@id\":\"https:\/\/aboutsmallruminants.com\/es\/#organization\",\"name\":\"Laboratorios Hipra\",\"url\":\"https:\/\/aboutsmallruminants.com\/es\/\",\"logo\":{\"@type\":\"ImageObject\",\"inLanguage\":\"es\",\"@id\":\"https:\/\/aboutsmallruminants.com\/es\/#\/schema\/logo\/image\/\",\"url\":\"https:\/\/aboutsmallruminants.com\/wp-content\/uploads\/2020\/07\/hipra-footer.jpg\",\"contentUrl\":\"https:\/\/aboutsmallruminants.com\/wp-content\/uploads\/2020\/07\/hipra-footer.jpg\",\"width\":116,\"height\":116,\"caption\":\"Laboratorios Hipra\"},\"image\":{\"@id\":\"https:\/\/aboutsmallruminants.com\/es\/#\/schema\/logo\/image\/\"}}]}<\/script>\n<!-- \/ Yoast SEO plugin. -->","yoast_head_json":{"title":"T\u00e9rminos de Uso | Small Ruminants","robots":{"index":"noindex","follow":"follow"},"og_locale":"es_ES","og_type":"article","og_title":"T\u00e9rminos de Uso | Small Ruminants","og_description":"Bienvenido al sitio web de WHAT ABOUT SMALL RUMINANTS. La informaci\u00f3n facilitada en este sitio tiene \u00fanicamente fines informativos. Rogamos que lea y examine detenidamente estas Condiciones de Uso antes de utilizar o acceder a esta web. Al usar o acceder a esta web, usted reconoce que ha le\u00eddo, entendido y aceptado las siguientes Condiciones [&hellip;]","og_url":"https:\/\/aboutsmallruminants.com\/es\/terminos-de-uso\/","og_site_name":"Small Ruminants","article_modified_time":"2020-09-29T07:50:28+00:00","twitter_card":"summary_large_image","twitter_misc":{"Tiempo de lectura":"7 minutos"},"schema":{"@context":"https:\/\/schema.org","@graph":[{"@type":"WebPage","@id":"https:\/\/aboutsmallruminants.com\/es\/terminos-de-uso\/","url":"https:\/\/aboutsmallruminants.com\/es\/terminos-de-uso\/","name":"T\u00e9rminos de Uso | Small Ruminants","isPartOf":{"@id":"https:\/\/aboutsmallruminants.com\/es\/#website"},"datePublished":"2020-07-14T11:27:39+00:00","dateModified":"2020-09-29T07:50:28+00:00","breadcrumb":{"@id":"https:\/\/aboutsmallruminants.com\/es\/terminos-de-uso\/#breadcrumb"},"inLanguage":"es","potentialAction":[{"@type":"ReadAction","target":["https:\/\/aboutsmallruminants.com\/es\/terminos-de-uso\/"]}]},{"@type":"BreadcrumbList","@id":"https:\/\/aboutsmallruminants.com\/es\/terminos-de-uso\/#breadcrumb","itemListElement":[{"@type":"ListItem","position":1,"name":"Portada","item":"https:\/\/aboutsmallruminants.com\/es\/"},{"@type":"ListItem","position":2,"name":"T\u00e9rminos de Uso"}]},{"@type":"WebSite","@id":"https:\/\/aboutsmallruminants.com\/es\/#website","url":"https:\/\/aboutsmallruminants.com\/es\/","name":"Small Ruminants","description":"Sheep, goats &amp; lambs vaccination for health prevention","publisher":{"@id":"https:\/\/aboutsmallruminants.com\/es\/#organization"},"potentialAction":[{"@type":"SearchAction","target":{"@type":"EntryPoint","urlTemplate":"https:\/\/aboutsmallruminants.com\/es\/?s={search_term_string}"},"query-input":{"@type":"PropertyValueSpecification","valueRequired":true,"valueName":"search_term_string"}}],"inLanguage":"es"},{"@type":"Organization","@id":"https:\/\/aboutsmallruminants.com\/es\/#organization","name":"Laboratorios Hipra","url":"https:\/\/aboutsmallruminants.com\/es\/","logo":{"@type":"ImageObject","inLanguage":"es","@id":"https:\/\/aboutsmallruminants.com\/es\/#\/schema\/logo\/image\/","url":"https:\/\/aboutsmallruminants.com\/wp-content\/uploads\/2020\/07\/hipra-footer.jpg","contentUrl":"https:\/\/aboutsmallruminants.com\/wp-content\/uploads\/2020\/07\/hipra-footer.jpg","width":116,"height":116,"caption":"Laboratorios Hipra"},"image":{"@id":"https:\/\/aboutsmallruminants.com\/es\/#\/schema\/logo\/image\/"}}]}},"_links":{"self":[{"href":"https:\/\/aboutsmallruminants.com\/es\/wp-json\/wp\/v2\/pages\/1778","targetHints":{"allow":["GET"]}}],"collection":[{"href":"https:\/\/aboutsmallruminants.com\/es\/wp-json\/wp\/v2\/pages"}],"about":[{"href":"https:\/\/aboutsmallruminants.com\/es\/wp-json\/wp\/v2\/types\/page"}],"author":[{"embeddable":true,"href":"https:\/\/aboutsmallruminants.com\/es\/wp-json\/wp\/v2\/users\/5"}],"replies":[{"embeddable":true,"href":"https:\/\/aboutsmallruminants.com\/es\/wp-json\/wp\/v2\/comments?post=1778"}],"version-history":[{"count":5,"href":"https:\/\/aboutsmallruminants.com\/es\/wp-json\/wp\/v2\/pages\/1778\/revisions"}],"predecessor-version":[{"id":2889,"href":"https:\/\/aboutsmallruminants.com\/es\/wp-json\/wp\/v2\/pages\/1778\/revisions\/2889"}],"wp:attachment":[{"href":"https:\/\/aboutsmallruminants.com\/es\/wp-json\/wp\/v2\/media?parent=1778"}],"curies":[{"name":"wp","href":"https:\/\/api.w.org\/{rel}","templated":true}]}}