
{"id":1750,"date":"2020-07-14T11:13:55","date_gmt":"2020-07-14T11:13:55","guid":{"rendered":"https:\/\/aboutsmallruminants.com\/cookies-policy\/"},"modified":"2025-03-27T16:43:00","modified_gmt":"2025-03-27T16:43:00","slug":"politique-des-cookies","status":"publish","type":"page","link":"https:\/\/aboutsmallruminants.com\/fr\/politique-des-cookies\/","title":{"rendered":"Politique des cookies"},"content":{"rendered":"\t\t<div data-elementor-type=\"wp-page\" data-elementor-id=\"1750\" class=\"elementor elementor-1750 elementor-224\" data-elementor-post-type=\"page\">\n\t\t\t\t\t\t<section class=\"elementor-section elementor-top-section elementor-element elementor-element-3cf44533 elementor-section-boxed elementor-section-height-default elementor-section-height-default\" data-id=\"3cf44533\" data-element_type=\"section\">\n\t\t\t\t\t\t<div class=\"elementor-container elementor-column-gap-default\">\n\t\t\t\t\t<div class=\"elementor-column elementor-col-100 elementor-top-column elementor-element elementor-element-297068d9\" data-id=\"297068d9\" data-element_type=\"column\">\n\t\t\t<div class=\"elementor-widget-wrap elementor-element-populated\">\n\t\t\t\t\t\t<div class=\"elementor-element elementor-element-6070198e elementor-widget elementor-widget-text-editor\" data-id=\"6070198e\" data-element_type=\"widget\" data-widget_type=\"text-editor.default\">\n\t\t\t\t<div class=\"elementor-widget-container\">\n\t\t\t\t\t\t\t\t\t<p><strong> D\u00e9claration sur l&rsquo;utilisation des cookies:<\/strong><\/p><p><span style=\"color: var (--e-global-color-text);\">Les cookies sont des fichiers texte situ\u00e9s sur votre navigateur ou sur le disque dur de votre ordinateur (ou appareil similaire) \u00e0 partir des sites Web que vous visitez. Entre autres, les cookies permettent \u00e0 un site Web de stocker et de r\u00e9cup\u00e9rer des informations sur les habitudes de navigation des utilisateurs ou celles de leur appareil et, en fonction des informations qu&rsquo;ils contiennent et de la fa\u00e7on dont l&rsquo;appareil est utilis\u00e9, ils peuvent \u00eatre utilis\u00e9s pour reconna\u00eetre l&rsquo;utilisateur. Les informations collect\u00e9es par les cookies nous aident \u00e0 am\u00e9liorer la navigation sur notre site Web et \u00e0 offrir une exp\u00e9rience plus personnalis\u00e9e. Plus pr\u00e9cis\u00e9ment, ils nous permettent de: <\/span><\/p>\n<ol><li>1. Stocker des informations sur les pr\u00e9f\u00e9rences et les int\u00e9r\u00eats des utilisateurs et personnaliser le site Web en fonction de ces informations collect\u00e9es;<\/li>\n<li>2. Fournir un meilleur service \u00e0 l&rsquo;utilisateur sans stocker de donn\u00e9es personnelles permettant d&rsquo;identifier l&rsquo;utilisateur;<\/li>\n<li>3. Reconna\u00eetre l&rsquo;ordinateur lorsque l&rsquo;utilisateur revient sur notre site Web;<\/li>\n<li>4. Collectez des donn\u00e9es statistiques d\u00e9riv\u00e9es du trafic et de l&rsquo;interaction des utilisateurs sur notre site Web pour identifier les tendances et les comportements.<\/li><\/ol>\n<p><strong style=\"color: var (--e-global-color-text);\"><br>\nQuel type de cookies ce site utilise-t-il?<\/strong><\/p><p><ul><li><span style=\"color: var( --e-global-color-text );\">\u00b7 Cookies techniques: ils permettent \u00e0 l&rsquo;utilisateur de naviguer sur un site Web, une plate-forme ou une application et d&rsquo;utiliser diff\u00e9rentes options ou services, par exemple pour contr\u00f4ler le trafic et la communication de donn\u00e9es, identifier une session, acc\u00e9der \u00e0 des parties \u00e0 acc\u00e8s restreint, m\u00e9moriser des \u00e9l\u00e9ments d&rsquo;un commander, effectuer un processus d&rsquo;achat pour une commande, effectuer une demande d&rsquo;inscription ou de participation \u00e0 un \u00e9v\u00e9nement, utiliser des fonctions de s\u00e9curit\u00e9 lors de la navigation, stocker du contenu pour distribuer des vid\u00e9os ou du son ou partager du contenu via les r\u00e9seaux sociaux.<\/span><\/li><li><span style=\"color: var( --e-global-color-text );\">\u00b7 Cookies personnalis\u00e9s: ils permettent \u00e0 l&rsquo;utilisateur d&rsquo;acc\u00e9der \u00e0 un service avec des fonctionnalit\u00e9s g\u00e9n\u00e9rales pr\u00e9d\u00e9finies en fonction d&rsquo;un certain nombre de crit\u00e8res dans l&rsquo;appareil de l&rsquo;utilisateur, tels que la langue, le type de navigateur utilis\u00e9 pour acc\u00e9der au service, les param\u00e8tres r\u00e9gionaux d&rsquo;o\u00f9 le acc\u00e8s au service, etc.<\/span><\/li><li><span style=\"color: var( --e-global-color-text );\">\u00b7 Cookies d&rsquo;analyse: apr\u00e8s avoir \u00e9t\u00e9 trait\u00e9s par nous ou par des tiers, ils nous permettent de quantifier le nombre d&rsquo;utilisateurs et ainsi de mesurer et d&rsquo;analyser des statistiques sur ce que les utilisateurs font avec le service fourni. Pour ce faire, la fa\u00e7on dont les utilisateurs naviguent sur notre site Web est analys\u00e9e afin d&rsquo;am\u00e9liorer l&rsquo;offre de produits ou de services que nous fournissons.<\/span><\/li><\/ul><\/p><p><strong style=\"color: var( --e-global-color-text );\">Cookies tiers:<\/strong><\/p>\n<p>Ce site Web utilise des cookies de tiers:<br>\n<span style=\"color: var (--e-global-color-text);\"><br>\nGoogle Analytics: utilis\u00e9 pour collecter des informations de navigation et le comportement des utilisateurs afin de fournir des statistiques d&rsquo;utilisation \u00e0 partir de sites Web sans identifier personnellement l&rsquo;utilisateur. <\/span><\/p>\n<div class=\"cky-audit-table-element\"><\/div>\n<p>L&rsquo;utilisateur peut refuser le traitement de ces donn\u00e9es ou informations en d\u00e9sactivant les cookies en s\u00e9lectionnant les param\u00e8tres appropri\u00e9s dans son navigateur. Cependant, la d\u00e9cision de bloquer les cookies sur votre navigateur peut ne pas permettre la pleine utilisation de toutes les fonctionnalit\u00e9s du site.Vous pouvez autoriser, bloquer ou supprimer les cookies install\u00e9s sur votre terminal en modifiant les param\u00e8tres du navigateur install\u00e9s sur votre ordinateur:<\/p>\n<p><a href=\"https:\/\/support.google.com\/chrome\/bin\/answer.py?hl=es&amp;answer=95647\" target=\"_blank\" rel=\"noopener noreferrer\">Chrome<\/a><br>\n<a href=\"https:\/\/windows.microsoft.com\/en-US\/internet-explorer\/delete-manage-cookies#ie=ie-11\" target=\"_blank\" rel=\"noopener noreferrer\">Explorer<\/a><br>\n<a href=\"https:\/\/support.mozilla.org\/en-US\/kb\/enable-and-disable-cookies-website-preferences\" target=\"_blank\" rel=\"noopener noreferrer\">Firefox<\/a><br>\n<a href=\"https:\/\/support.apple.com\/kb\/PH21411\" target=\"_blank\" rel=\"noopener noreferrer\">Safari<\/a><br>\n<span style=\"color: var (--e-global-color-text);\"><br>\nSi vous avez des questions sur cette politique de cookies, vous pouvez nous contacter \u00e0 l&rsquo;adresse e-mail suivante: <\/span><a href=\"mailto:hipra@hipra.com\"> hipra@hipra.com <\/a><a href=\"http:\/\/windows.microsoft.com\/en-US\/internet-explorer\/delete-manage-cookies#ie=ie-11\" target=\"_blank\" rel=\"noopener noreferrer\"> <span style=\"color: var (--e-global-color-text);\">. <\/span><\/a><\/p>\t\t\t\t\t\t\t\t<\/div>\n\t\t\t\t<\/div>\n\t\t\t\t\t<\/div>\n\t\t<\/div>\n\t\t\t\t\t<\/div>\n\t\t<\/section>\n\t\t\t\t<\/div>\n\t\t","protected":false},"excerpt":{"rendered":"<p>D\u00e9claration sur l&rsquo;utilisation des cookies: Les cookies sont des fichiers texte situ\u00e9s sur votre navigateur ou sur le disque dur de votre ordinateur (ou appareil similaire) \u00e0 partir des sites Web que vous visitez. Entre autres, les cookies permettent \u00e0 un site Web de stocker et de r\u00e9cup\u00e9rer des informations sur les habitudes de navigation [&hellip;]<\/p>\n","protected":false},"author":5,"featured_media":0,"parent":0,"menu_order":0,"comment_status":"closed","ping_status":"closed","template":"template-builder.php","meta":{"footnotes":""},"class_list":["post-1750","page","type-page","status-publish","hentry"],"yoast_head":"<!-- This site is optimized with the Yoast SEO plugin v26.5 - https:\/\/yoast.com\/wordpress\/plugins\/seo\/ -->\n<title>Politique des cookies | Small Ruminants<\/title>\n<meta name=\"robots\" content=\"noindex, follow\" \/>\n<meta property=\"og:locale\" content=\"fr_FR\" \/>\n<meta property=\"og:type\" content=\"article\" \/>\n<meta property=\"og:title\" content=\"Politique des cookies | Small Ruminants\" \/>\n<meta property=\"og:description\" content=\"D\u00e9claration sur l&rsquo;utilisation des cookies: Les cookies sont des fichiers texte situ\u00e9s sur votre navigateur ou sur le disque dur de votre ordinateur (ou appareil similaire) \u00e0 partir des sites Web que vous visitez. Entre autres, les cookies permettent \u00e0 un site Web de stocker et de r\u00e9cup\u00e9rer des informations sur les habitudes de navigation [&hellip;]\" \/>\n<meta property=\"og:url\" content=\"https:\/\/aboutsmallruminants.com\/fr\/politique-des-cookies\/\" \/>\n<meta property=\"og:site_name\" content=\"Small Ruminants\" \/>\n<meta property=\"article:modified_time\" content=\"2025-03-27T16:43:00+00:00\" \/>\n<meta name=\"twitter:card\" content=\"summary_large_image\" \/>\n<meta name=\"twitter:label1\" content=\"Dur\u00e9e de lecture estim\u00e9e\" \/>\n\t<meta name=\"twitter:data1\" content=\"3 minutes\" \/>\n<script type=\"application\/ld+json\" class=\"yoast-schema-graph\">{\"@context\":\"https:\/\/schema.org\",\"@graph\":[{\"@type\":\"WebPage\",\"@id\":\"https:\/\/aboutsmallruminants.com\/fr\/politique-des-cookies\/\",\"url\":\"https:\/\/aboutsmallruminants.com\/fr\/politique-des-cookies\/\",\"name\":\"Politique des cookies | Small Ruminants\",\"isPartOf\":{\"@id\":\"https:\/\/aboutsmallruminants.com\/fr\/#website\"},\"datePublished\":\"2020-07-14T11:13:55+00:00\",\"dateModified\":\"2025-03-27T16:43:00+00:00\",\"breadcrumb\":{\"@id\":\"https:\/\/aboutsmallruminants.com\/fr\/politique-des-cookies\/#breadcrumb\"},\"inLanguage\":\"fr-FR\",\"potentialAction\":[{\"@type\":\"ReadAction\",\"target\":[\"https:\/\/aboutsmallruminants.com\/fr\/politique-des-cookies\/\"]}]},{\"@type\":\"BreadcrumbList\",\"@id\":\"https:\/\/aboutsmallruminants.com\/fr\/politique-des-cookies\/#breadcrumb\",\"itemListElement\":[{\"@type\":\"ListItem\",\"position\":1,\"name\":\"Portada\",\"item\":\"https:\/\/aboutsmallruminants.com\/fr\/\"},{\"@type\":\"ListItem\",\"position\":2,\"name\":\"Politique des cookies\"}]},{\"@type\":\"WebSite\",\"@id\":\"https:\/\/aboutsmallruminants.com\/fr\/#website\",\"url\":\"https:\/\/aboutsmallruminants.com\/fr\/\",\"name\":\"Small Ruminants\",\"description\":\"Sheep, goats &amp; lambs vaccination for health prevention\",\"publisher\":{\"@id\":\"https:\/\/aboutsmallruminants.com\/fr\/#organization\"},\"potentialAction\":[{\"@type\":\"SearchAction\",\"target\":{\"@type\":\"EntryPoint\",\"urlTemplate\":\"https:\/\/aboutsmallruminants.com\/fr\/?s={search_term_string}\"},\"query-input\":{\"@type\":\"PropertyValueSpecification\",\"valueRequired\":true,\"valueName\":\"search_term_string\"}}],\"inLanguage\":\"fr-FR\"},{\"@type\":\"Organization\",\"@id\":\"https:\/\/aboutsmallruminants.com\/fr\/#organization\",\"name\":\"Laboratorios Hipra\",\"url\":\"https:\/\/aboutsmallruminants.com\/fr\/\",\"logo\":{\"@type\":\"ImageObject\",\"inLanguage\":\"fr-FR\",\"@id\":\"https:\/\/aboutsmallruminants.com\/fr\/#\/schema\/logo\/image\/\",\"url\":\"https:\/\/aboutsmallruminants.com\/wp-content\/uploads\/2020\/07\/hipra-footer.jpg\",\"contentUrl\":\"https:\/\/aboutsmallruminants.com\/wp-content\/uploads\/2020\/07\/hipra-footer.jpg\",\"width\":116,\"height\":116,\"caption\":\"Laboratorios Hipra\"},\"image\":{\"@id\":\"https:\/\/aboutsmallruminants.com\/fr\/#\/schema\/logo\/image\/\"}}]}<\/script>\n<!-- \/ Yoast SEO plugin. -->","yoast_head_json":{"title":"Politique des cookies | Small Ruminants","robots":{"index":"noindex","follow":"follow"},"og_locale":"fr_FR","og_type":"article","og_title":"Politique des cookies | Small Ruminants","og_description":"D\u00e9claration sur l&rsquo;utilisation des cookies: Les cookies sont des fichiers texte situ\u00e9s sur votre navigateur ou sur le disque dur de votre ordinateur (ou appareil similaire) \u00e0 partir des sites Web que vous visitez. Entre autres, les cookies permettent \u00e0 un site Web de stocker et de r\u00e9cup\u00e9rer des informations sur les habitudes de navigation [&hellip;]","og_url":"https:\/\/aboutsmallruminants.com\/fr\/politique-des-cookies\/","og_site_name":"Small Ruminants","article_modified_time":"2025-03-27T16:43:00+00:00","twitter_card":"summary_large_image","twitter_misc":{"Dur\u00e9e de lecture estim\u00e9e":"3 minutes"},"schema":{"@context":"https:\/\/schema.org","@graph":[{"@type":"WebPage","@id":"https:\/\/aboutsmallruminants.com\/fr\/politique-des-cookies\/","url":"https:\/\/aboutsmallruminants.com\/fr\/politique-des-cookies\/","name":"Politique des cookies | Small Ruminants","isPartOf":{"@id":"https:\/\/aboutsmallruminants.com\/fr\/#website"},"datePublished":"2020-07-14T11:13:55+00:00","dateModified":"2025-03-27T16:43:00+00:00","breadcrumb":{"@id":"https:\/\/aboutsmallruminants.com\/fr\/politique-des-cookies\/#breadcrumb"},"inLanguage":"fr-FR","potentialAction":[{"@type":"ReadAction","target":["https:\/\/aboutsmallruminants.com\/fr\/politique-des-cookies\/"]}]},{"@type":"BreadcrumbList","@id":"https:\/\/aboutsmallruminants.com\/fr\/politique-des-cookies\/#breadcrumb","itemListElement":[{"@type":"ListItem","position":1,"name":"Portada","item":"https:\/\/aboutsmallruminants.com\/fr\/"},{"@type":"ListItem","position":2,"name":"Politique des cookies"}]},{"@type":"WebSite","@id":"https:\/\/aboutsmallruminants.com\/fr\/#website","url":"https:\/\/aboutsmallruminants.com\/fr\/","name":"Small Ruminants","description":"Sheep, goats &amp; lambs vaccination for health prevention","publisher":{"@id":"https:\/\/aboutsmallruminants.com\/fr\/#organization"},"potentialAction":[{"@type":"SearchAction","target":{"@type":"EntryPoint","urlTemplate":"https:\/\/aboutsmallruminants.com\/fr\/?s={search_term_string}"},"query-input":{"@type":"PropertyValueSpecification","valueRequired":true,"valueName":"search_term_string"}}],"inLanguage":"fr-FR"},{"@type":"Organization","@id":"https:\/\/aboutsmallruminants.com\/fr\/#organization","name":"Laboratorios Hipra","url":"https:\/\/aboutsmallruminants.com\/fr\/","logo":{"@type":"ImageObject","inLanguage":"fr-FR","@id":"https:\/\/aboutsmallruminants.com\/fr\/#\/schema\/logo\/image\/","url":"https:\/\/aboutsmallruminants.com\/wp-content\/uploads\/2020\/07\/hipra-footer.jpg","contentUrl":"https:\/\/aboutsmallruminants.com\/wp-content\/uploads\/2020\/07\/hipra-footer.jpg","width":116,"height":116,"caption":"Laboratorios Hipra"},"image":{"@id":"https:\/\/aboutsmallruminants.com\/fr\/#\/schema\/logo\/image\/"}}]}},"_links":{"self":[{"href":"https:\/\/aboutsmallruminants.com\/fr\/wp-json\/wp\/v2\/pages\/1750","targetHints":{"allow":["GET"]}}],"collection":[{"href":"https:\/\/aboutsmallruminants.com\/fr\/wp-json\/wp\/v2\/pages"}],"about":[{"href":"https:\/\/aboutsmallruminants.com\/fr\/wp-json\/wp\/v2\/types\/page"}],"author":[{"embeddable":true,"href":"https:\/\/aboutsmallruminants.com\/fr\/wp-json\/wp\/v2\/users\/5"}],"replies":[{"embeddable":true,"href":"https:\/\/aboutsmallruminants.com\/fr\/wp-json\/wp\/v2\/comments?post=1750"}],"version-history":[{"count":19,"href":"https:\/\/aboutsmallruminants.com\/fr\/wp-json\/wp\/v2\/pages\/1750\/revisions"}],"predecessor-version":[{"id":27131,"href":"https:\/\/aboutsmallruminants.com\/fr\/wp-json\/wp\/v2\/pages\/1750\/revisions\/27131"}],"wp:attachment":[{"href":"https:\/\/aboutsmallruminants.com\/fr\/wp-json\/wp\/v2\/media?parent=1750"}],"curies":[{"name":"wp","href":"https:\/\/api.w.org\/{rel}","templated":true}]}}