
{"id":1767,"date":"2020-07-14T11:26:09","date_gmt":"2020-07-14T11:26:09","guid":{"rendered":"https:\/\/aboutsmallruminants.com\/privacy-policy\/"},"modified":"2020-09-29T07:36:24","modified_gmt":"2020-09-29T07:36:24","slug":"politica-sulla-privacy","status":"publish","type":"page","link":"https:\/\/aboutsmallruminants.com\/it\/politica-sulla-privacy\/","title":{"rendered":"Politica sulla privacy"},"content":{"rendered":"\t\t<div data-elementor-type=\"wp-page\" data-elementor-id=\"1767\" class=\"elementor elementor-1767 elementor-233\" data-elementor-post-type=\"page\">\n\t\t\t\t\t\t<section class=\"elementor-section elementor-top-section elementor-element elementor-element-168aa55b elementor-section-boxed elementor-section-height-default elementor-section-height-default\" data-id=\"168aa55b\" data-element_type=\"section\">\n\t\t\t\t\t\t<div class=\"elementor-container elementor-column-gap-default\">\n\t\t\t\t\t<div class=\"elementor-column elementor-col-100 elementor-top-column elementor-element elementor-element-77ef7912\" data-id=\"77ef7912\" data-element_type=\"column\">\n\t\t\t<div class=\"elementor-widget-wrap elementor-element-populated\">\n\t\t\t\t\t\t<div class=\"elementor-element elementor-element-1c95645 elementor-widget elementor-widget-text-editor\" data-id=\"1c95645\" data-element_type=\"widget\" data-widget_type=\"text-editor.default\">\n\t\t\t\t<div class=\"elementor-widget-container\">\n\t\t\t\t\t\t\t\t\t<p><strong>Di seguito esponiamo i criteri applicati da HIPRA a proposito del trattamento dei dati di carattere personale che gli utenti decidono di fornirci volontariamente tramite questa pagina web:<\/strong><\/p><p>Durante l&#8217;uso del presente sito Web e delle applicazioni e\/o durante le comunicazioni elettroniche con HIPRA, \u00e8 possibile che vengano raccolti e trattati i dati personali di ciascun utente. Il trattamento di tali dati personali avverr\u00e0 conformemente alla presente Politica sulla privacy.<\/p><p>Il Responsabile del trattamento dei dati personali \u00e8 LABORATORIOS HIPRA, S.A., con sede in Avda. La Selva 135, 17170 Amer (Girona), Spagna.<\/p><p>L\u2019obiettivo del trattamento dei dati personali pu\u00f2 consistere in: (i) gestire il rapporto commerciale e\/o contrattuale con HIPRA; (ii) utilizzare le informazioni come punto di contatto di HIPRA; (iii) inviare informazioni, documenti didattici o inviti ad eventi nell\u2019ambito di attivit\u00e0 professionali proprie di HIPRA; e\/o (iv) rispondere a domande o questioni eventualmente poste tramite il sito Web o le applicazioni.<\/p><p>La legittimazione del trattamento costituisce un interesse legittimo di HIPRA a mantenere il rapporto esistente con l\u2019utente e\/o, nei casi opportuni, il suo consenso. Pertanto, HIPRA raccoglier\u00e0 e tratter\u00e0 i dati finch\u00e9 sar\u00e0 in vigore tale rapporto e finch\u00e9 l\u2019utente non revochi il consenso al trattamento dei propri dati previamente concesso. In ogni caso, qualora i dati personali non siano necessari per il fine per i quali sono stati raccolti, e finch\u00e9 non si proceder\u00e0 alla cancellazione definitiva dei medesimi, verranno conservati in una forma sicura.<\/p><p>Come gruppo di aziende presente a livello internazionale, HIPRA potr\u00e0 comunicare e scambiare i dati degli utenti con le societ\u00e0 appartenenti al Gruppo HIPRA riportate sul sito Web per le stesse finalit\u00e0 precedentemente indicate. In ogni caso, i dati degli utenti saranno trattati con un livello di protezione conforme alla normativa applicabile.<\/p><p>HIPRA potr\u00e0 inoltre trasferire i dati personali: (i) a fornitori di servizi subappaltati per la prestazione di servizi (ad es.: dominio web, analisi di dati, fornitura di tecnologie informatiche e infrastruttura associata, assistenza al cliente, invio di messaggi di posta elettronica, auditing e altri servizi); (ii) ad altre aziende con cui collabora relativamente a prodotti o servizi specifici; e (iii) per ottemperare alle leggi applicabili e alle richieste degli enti pubblici.<\/p><p>Informiamo altres\u00ec che gli utenti hanno diritto ad esercitare, in qualsiasi momento, nei termini stabiliti dalla legislazione vigente, i diritti di accesso, rettifica o cancellazione dei dati, di richiedere limitazioni al trattamento, di opporsi a quest&#8217;ultimo, di richiedere la portabilit\u00e0 dei loro dati, nonch\u00e9 di revocare il consenso fornito, rivolgendosi per iscritto all\u2019indirizzo: Avda. La Selva 135, 17170 Amer (Girona), Spagna, o all\u2019indirizzo di posta elettronica <a href=\"mailto:privacy@hipra.com\">privacy@hipra.com<\/a>, senza che ci\u00f2 comprometta la possibilit\u00e0 di rivolgersi anche all\u2019Autorit\u00e0 spagnola responsabile della protezione dei dati.<\/p><p>L\u2019utente si impegna a comunicare qualsiasi cambio o modifica dei dati personali realizzato. HIPRA non sar\u00e0 responsabile di qualsiasi perdita o danno causati dalla comunicazione di dati errati, inesatti o incompleti.<\/p>\t\t\t\t\t\t\t\t<\/div>\n\t\t\t\t<\/div>\n\t\t\t\t\t<\/div>\n\t\t<\/div>\n\t\t\t\t\t<\/div>\n\t\t<\/section>\n\t\t\t\t<\/div>\n\t\t","protected":false},"excerpt":{"rendered":"<p>Di seguito esponiamo i criteri applicati da HIPRA a proposito del trattamento dei dati di carattere personale che gli utenti decidono di fornirci volontariamente tramite questa pagina web: Durante l&#8217;uso del presente sito Web e delle applicazioni e\/o durante le comunicazioni elettroniche con HIPRA, \u00e8 possibile che vengano raccolti e trattati i dati personali di [&hellip;]<\/p>\n","protected":false},"author":5,"featured_media":0,"parent":0,"menu_order":0,"comment_status":"closed","ping_status":"closed","template":"template-builder.php","meta":{"footnotes":""},"class_list":["post-1767","page","type-page","status-publish","hentry"],"yoast_head":"<!-- This site is optimized with the Yoast SEO plugin v26.5 - https:\/\/yoast.com\/wordpress\/plugins\/seo\/ -->\n<title>Politica sulla privacy | Small Ruminants<\/title>\n<meta name=\"robots\" content=\"noindex, follow\" \/>\n<meta property=\"og:locale\" content=\"it_IT\" \/>\n<meta property=\"og:type\" content=\"article\" \/>\n<meta property=\"og:title\" content=\"Politica sulla privacy | Small Ruminants\" \/>\n<meta property=\"og:description\" content=\"Di seguito esponiamo i criteri applicati da HIPRA a proposito del trattamento dei dati di carattere personale che gli utenti decidono di fornirci volontariamente tramite questa pagina web: Durante l&#8217;uso del presente sito Web e delle applicazioni e\/o durante le comunicazioni elettroniche con HIPRA, \u00e8 possibile che vengano raccolti e trattati i dati personali di [&hellip;]\" \/>\n<meta property=\"og:url\" content=\"https:\/\/aboutsmallruminants.com\/it\/politica-sulla-privacy\/\" \/>\n<meta property=\"og:site_name\" content=\"Small Ruminants\" \/>\n<meta property=\"article:modified_time\" content=\"2020-09-29T07:36:24+00:00\" \/>\n<meta name=\"twitter:card\" content=\"summary_large_image\" \/>\n<meta name=\"twitter:label1\" content=\"Tempo di lettura stimato\" \/>\n\t<meta name=\"twitter:data1\" content=\"2 minuti\" \/>\n<script type=\"application\/ld+json\" class=\"yoast-schema-graph\">{\"@context\":\"https:\/\/schema.org\",\"@graph\":[{\"@type\":\"WebPage\",\"@id\":\"https:\/\/aboutsmallruminants.com\/it\/politica-sulla-privacy\/\",\"url\":\"https:\/\/aboutsmallruminants.com\/it\/politica-sulla-privacy\/\",\"name\":\"Politica sulla privacy | Small Ruminants\",\"isPartOf\":{\"@id\":\"https:\/\/aboutsmallruminants.com\/it\/#website\"},\"datePublished\":\"2020-07-14T11:26:09+00:00\",\"dateModified\":\"2020-09-29T07:36:24+00:00\",\"breadcrumb\":{\"@id\":\"https:\/\/aboutsmallruminants.com\/it\/politica-sulla-privacy\/#breadcrumb\"},\"inLanguage\":\"it-IT\",\"potentialAction\":[{\"@type\":\"ReadAction\",\"target\":[\"https:\/\/aboutsmallruminants.com\/it\/politica-sulla-privacy\/\"]}]},{\"@type\":\"BreadcrumbList\",\"@id\":\"https:\/\/aboutsmallruminants.com\/it\/politica-sulla-privacy\/#breadcrumb\",\"itemListElement\":[{\"@type\":\"ListItem\",\"position\":1,\"name\":\"Portada\",\"item\":\"https:\/\/aboutsmallruminants.com\/it\/\"},{\"@type\":\"ListItem\",\"position\":2,\"name\":\"Politica sulla privacy\"}]},{\"@type\":\"WebSite\",\"@id\":\"https:\/\/aboutsmallruminants.com\/it\/#website\",\"url\":\"https:\/\/aboutsmallruminants.com\/it\/\",\"name\":\"Small Ruminants\",\"description\":\"Sheep, goats &amp; lambs vaccination for health prevention\",\"publisher\":{\"@id\":\"https:\/\/aboutsmallruminants.com\/it\/#organization\"},\"potentialAction\":[{\"@type\":\"SearchAction\",\"target\":{\"@type\":\"EntryPoint\",\"urlTemplate\":\"https:\/\/aboutsmallruminants.com\/it\/?s={search_term_string}\"},\"query-input\":{\"@type\":\"PropertyValueSpecification\",\"valueRequired\":true,\"valueName\":\"search_term_string\"}}],\"inLanguage\":\"it-IT\"},{\"@type\":\"Organization\",\"@id\":\"https:\/\/aboutsmallruminants.com\/it\/#organization\",\"name\":\"Laboratorios Hipra\",\"url\":\"https:\/\/aboutsmallruminants.com\/it\/\",\"logo\":{\"@type\":\"ImageObject\",\"inLanguage\":\"it-IT\",\"@id\":\"https:\/\/aboutsmallruminants.com\/it\/#\/schema\/logo\/image\/\",\"url\":\"https:\/\/aboutsmallruminants.com\/wp-content\/uploads\/2020\/07\/hipra-footer.jpg\",\"contentUrl\":\"https:\/\/aboutsmallruminants.com\/wp-content\/uploads\/2020\/07\/hipra-footer.jpg\",\"width\":116,\"height\":116,\"caption\":\"Laboratorios Hipra\"},\"image\":{\"@id\":\"https:\/\/aboutsmallruminants.com\/it\/#\/schema\/logo\/image\/\"}}]}<\/script>\n<!-- \/ Yoast SEO plugin. -->","yoast_head_json":{"title":"Politica sulla privacy | Small Ruminants","robots":{"index":"noindex","follow":"follow"},"og_locale":"it_IT","og_type":"article","og_title":"Politica sulla privacy | Small Ruminants","og_description":"Di seguito esponiamo i criteri applicati da HIPRA a proposito del trattamento dei dati di carattere personale che gli utenti decidono di fornirci volontariamente tramite questa pagina web: Durante l&#8217;uso del presente sito Web e delle applicazioni e\/o durante le comunicazioni elettroniche con HIPRA, \u00e8 possibile che vengano raccolti e trattati i dati personali di [&hellip;]","og_url":"https:\/\/aboutsmallruminants.com\/it\/politica-sulla-privacy\/","og_site_name":"Small Ruminants","article_modified_time":"2020-09-29T07:36:24+00:00","twitter_card":"summary_large_image","twitter_misc":{"Tempo di lettura stimato":"2 minuti"},"schema":{"@context":"https:\/\/schema.org","@graph":[{"@type":"WebPage","@id":"https:\/\/aboutsmallruminants.com\/it\/politica-sulla-privacy\/","url":"https:\/\/aboutsmallruminants.com\/it\/politica-sulla-privacy\/","name":"Politica sulla privacy | Small Ruminants","isPartOf":{"@id":"https:\/\/aboutsmallruminants.com\/it\/#website"},"datePublished":"2020-07-14T11:26:09+00:00","dateModified":"2020-09-29T07:36:24+00:00","breadcrumb":{"@id":"https:\/\/aboutsmallruminants.com\/it\/politica-sulla-privacy\/#breadcrumb"},"inLanguage":"it-IT","potentialAction":[{"@type":"ReadAction","target":["https:\/\/aboutsmallruminants.com\/it\/politica-sulla-privacy\/"]}]},{"@type":"BreadcrumbList","@id":"https:\/\/aboutsmallruminants.com\/it\/politica-sulla-privacy\/#breadcrumb","itemListElement":[{"@type":"ListItem","position":1,"name":"Portada","item":"https:\/\/aboutsmallruminants.com\/it\/"},{"@type":"ListItem","position":2,"name":"Politica sulla privacy"}]},{"@type":"WebSite","@id":"https:\/\/aboutsmallruminants.com\/it\/#website","url":"https:\/\/aboutsmallruminants.com\/it\/","name":"Small Ruminants","description":"Sheep, goats &amp; lambs vaccination for health prevention","publisher":{"@id":"https:\/\/aboutsmallruminants.com\/it\/#organization"},"potentialAction":[{"@type":"SearchAction","target":{"@type":"EntryPoint","urlTemplate":"https:\/\/aboutsmallruminants.com\/it\/?s={search_term_string}"},"query-input":{"@type":"PropertyValueSpecification","valueRequired":true,"valueName":"search_term_string"}}],"inLanguage":"it-IT"},{"@type":"Organization","@id":"https:\/\/aboutsmallruminants.com\/it\/#organization","name":"Laboratorios Hipra","url":"https:\/\/aboutsmallruminants.com\/it\/","logo":{"@type":"ImageObject","inLanguage":"it-IT","@id":"https:\/\/aboutsmallruminants.com\/it\/#\/schema\/logo\/image\/","url":"https:\/\/aboutsmallruminants.com\/wp-content\/uploads\/2020\/07\/hipra-footer.jpg","contentUrl":"https:\/\/aboutsmallruminants.com\/wp-content\/uploads\/2020\/07\/hipra-footer.jpg","width":116,"height":116,"caption":"Laboratorios Hipra"},"image":{"@id":"https:\/\/aboutsmallruminants.com\/it\/#\/schema\/logo\/image\/"}}]}},"_links":{"self":[{"href":"https:\/\/aboutsmallruminants.com\/it\/wp-json\/wp\/v2\/pages\/1767","targetHints":{"allow":["GET"]}}],"collection":[{"href":"https:\/\/aboutsmallruminants.com\/it\/wp-json\/wp\/v2\/pages"}],"about":[{"href":"https:\/\/aboutsmallruminants.com\/it\/wp-json\/wp\/v2\/types\/page"}],"author":[{"embeddable":true,"href":"https:\/\/aboutsmallruminants.com\/it\/wp-json\/wp\/v2\/users\/5"}],"replies":[{"embeddable":true,"href":"https:\/\/aboutsmallruminants.com\/it\/wp-json\/wp\/v2\/comments?post=1767"}],"version-history":[{"count":3,"href":"https:\/\/aboutsmallruminants.com\/it\/wp-json\/wp\/v2\/pages\/1767\/revisions"}],"predecessor-version":[{"id":2879,"href":"https:\/\/aboutsmallruminants.com\/it\/wp-json\/wp\/v2\/pages\/1767\/revisions\/2879"}],"wp:attachment":[{"href":"https:\/\/aboutsmallruminants.com\/it\/wp-json\/wp\/v2\/media?parent=1767"}],"curies":[{"name":"wp","href":"https:\/\/api.w.org\/{rel}","templated":true}]}}